{"id":4589,"date":"2025-04-03T14:55:50","date_gmt":"2025-04-03T14:55:50","guid":{"rendered":"https:\/\/uniksoluciones.com\/tecnologia\/?page_id=4589"},"modified":"2025-04-03T15:09:50","modified_gmt":"2025-04-03T15:09:50","slug":"politica-privacidad-de-datos-unik-soluciones","status":"publish","type":"page","link":"https:\/\/uniksoluciones.com\/tecnologia\/en\/politica-privacidad-de-datos-unik-soluciones\/","title":{"rendered":"Pol\u00edtica de Privacidad de Datos"},"content":{"rendered":"\t\t<div data-elementor-type=\"wp-page\" data-elementor-id=\"4589\" class=\"elementor elementor-4589\">\n\t\t\t\t\t\t<section class=\"elementor-section elementor-top-section elementor-element elementor-element-ab25c96 elementor-section-boxed elementor-section-height-default elementor-section-height-default\" data-id=\"ab25c96\" data-element_type=\"section\" data-e-type=\"section\">\n\t\t\t\t\t\t<div class=\"elementor-container elementor-column-gap-default\">\n\t\t\t\t\t<div class=\"elementor-column elementor-col-100 elementor-top-column elementor-element elementor-element-d2214cf\" data-id=\"d2214cf\" data-element_type=\"column\" data-e-type=\"column\">\n\t\t\t<div class=\"elementor-widget-wrap elementor-element-populated\">\n\t\t\t\t\t\t<div class=\"elementor-element elementor-element-b1b59d1 elementor-widget elementor-widget-tp-heading\" data-id=\"b1b59d1\" data-element_type=\"widget\" data-e-type=\"widget\" data-widget_type=\"tp-heading.default\">\n\t\t\t\t<div class=\"elementor-widget-container\">\n\t\t\t\t\t\n\n\t\t<div class=\"tp-section tp-section-red mb-40 text-left tp-el-section\">\n\t\t\t<span class=\"tp-section-sub-title\">\n\t\t\tUnik Soluciones Corporativas\t\t<\/span>\n\t\t\t\t<h2 class=\"tp-section-title\">Pol\u00edtica de Privacidad de Datos<\/h2>\t\t\t<\/div>\n\t\n\t\t\t\t<\/div>\n\t\t\t\t<\/div>\n\t\t\t\t<div class=\"elementor-element elementor-element-745ab6a elementor-widget elementor-widget-text-editor\" data-id=\"745ab6a\" data-element_type=\"widget\" data-e-type=\"widget\" data-widget_type=\"text-editor.default\">\n\t\t\t\t<div class=\"elementor-widget-container\">\n\t\t\t\t\t\t\t\t\t<p class=\"\" data-start=\"202\" data-end=\"237\"><strong data-start=\"202\" data-end=\"227\">\u00daltima actualizaci\u00f3n:<\/strong> [03-04-2025]<p class=\"\" data-start=\"239\" data-end=\"540\">En <strong data-start=\"242\" data-end=\"250\">UNIK<\/strong>, estamos comprometidos con la protecci\u00f3n de los datos personales de nuestros usuarios. Esta pol\u00edtica de privacidad describe c\u00f3mo recopilamos, usamos y protegemos la informaci\u00f3n proporcionada a trav\u00e9s de nuestros <strong data-start=\"463\" data-end=\"499\">formularios o medios de contacto<\/strong> en redes sociales y nuestro sitio web.<\/p><p data-start=\"239\" data-end=\"540\">\u00a0<\/p><h3 class=\"\" data-start=\"542\" data-end=\"577\"><strong data-start=\"546\" data-end=\"575\">1. Informaci\u00f3n Recopilada<\/strong><\/h3><p class=\"\" data-start=\"578\" data-end=\"694\">Al interactuar con nuestros formularios o medios de contacto, podemos recopilar la siguiente informaci\u00f3n personal:<\/p><ul data-start=\"695\" data-end=\"884\"><li class=\"\" data-start=\"695\" data-end=\"717\"><p class=\"\" data-start=\"697\" data-end=\"717\">Nombre y apellidos<\/p><\/li><li class=\"\" data-start=\"718\" data-end=\"740\"><p class=\"\" data-start=\"720\" data-end=\"740\">Correo electr\u00f3nico<\/p><\/li><li class=\"\" data-start=\"741\" data-end=\"763\"><p class=\"\" data-start=\"743\" data-end=\"763\">N\u00famero de tel\u00e9fono<\/p><\/li><li class=\"\" data-start=\"764\" data-end=\"788\"><p class=\"\" data-start=\"766\" data-end=\"788\">Nombre de la empresa<\/p><\/li><li class=\"\" data-start=\"789\" data-end=\"807\"><p class=\"\" data-start=\"791\" data-end=\"807\">Cargo o puesto<\/p><\/li><li class=\"\" data-start=\"808\" data-end=\"884\"><p class=\"\" data-start=\"810\" data-end=\"884\">Cualquier otro dato adicional que el usuario proporcione voluntariamente<\/p><\/li><\/ul><p>\u00a0<\/p><h3 class=\"\" data-start=\"886\" data-end=\"920\"><strong data-start=\"890\" data-end=\"918\">2. Uso de la Informaci\u00f3n<\/strong><\/h3><p class=\"\" data-start=\"921\" data-end=\"984\">La informaci\u00f3n recopilada ser\u00e1 utilizada exclusivamente para:<\/p><ul data-start=\"985\" data-end=\"1316\"><li class=\"\" data-start=\"985\" data-end=\"1040\"><p class=\"\" data-start=\"987\" data-end=\"1040\">Contactar a los usuarios y responder sus consultas.<\/p><\/li><li class=\"\" data-start=\"1041\" data-end=\"1128\"><p class=\"\" data-start=\"1043\" data-end=\"1128\">Enviar cotizaciones, propuestas comerciales o contenido relevante seg\u00fan su inter\u00e9s.<\/p><\/li><li class=\"\" data-start=\"1129\" data-end=\"1190\"><p class=\"\" data-start=\"1131\" data-end=\"1190\">Brindar informaci\u00f3n sobre nuestros productos y servicios.<\/p><\/li><li class=\"\" data-start=\"1191\" data-end=\"1263\"><p class=\"\" data-start=\"1193\" data-end=\"1263\">Mejorar la experiencia de usuario en nuestras plataformas digitales.<\/p><\/li><li class=\"\" data-start=\"1264\" data-end=\"1316\"><p class=\"\" data-start=\"1266\" data-end=\"1316\">Cumplir con obligaciones legales y regulatorias.<\/p><\/li><\/ul><p>\u00a0<\/p><h3 class=\"\" data-start=\"1318\" data-end=\"1350\"><strong data-start=\"1322\" data-end=\"1348\">3. Protecci\u00f3n de Datos<\/strong><\/h3><p class=\"\" data-start=\"1351\" data-end=\"1494\">Implementamos medidas de seguridad t\u00e9cnicas y organizativas para proteger la informaci\u00f3n contra accesos no autorizados, p\u00e9rdida o alteraci\u00f3n.<\/p><p data-start=\"1351\" data-end=\"1494\">\u00a0<\/p><h3 class=\"\" data-start=\"1496\" data-end=\"1530\"><strong data-start=\"1500\" data-end=\"1528\">4. Compartici\u00f3n de Datos<\/strong><\/h3><p class=\"\" data-start=\"1531\" data-end=\"1640\">No vendemos, alquilamos ni compartimos la informaci\u00f3n personal con terceros, salvo en los siguientes casos:<\/p><ul data-start=\"1641\" data-end=\"1851\"><li class=\"\" data-start=\"1641\" data-end=\"1721\"><p class=\"\" data-start=\"1643\" data-end=\"1721\">Cuando sea requerido por una autoridad competente en cumplimiento de la ley.<\/p><\/li><li class=\"\" data-start=\"1722\" data-end=\"1851\"><p class=\"\" data-start=\"1724\" data-end=\"1851\">Con proveedores de servicios tecnol\u00f3gicos que nos ayuden a gestionar nuestras operaciones, bajo acuerdos de confidencialidad.<\/p><\/li><\/ul><p>\u00a0<\/p><h3 class=\"\" data-start=\"1853\" data-end=\"1886\"><strong data-start=\"1857\" data-end=\"1884\">5. Derechos del Usuario<\/strong><\/h3><p class=\"\" data-start=\"1887\" data-end=\"1919\">Los usuarios tienen derecho a:<\/p><ul data-start=\"1920\" data-end=\"2102\"><li class=\"\" data-start=\"1920\" data-end=\"1976\"><p class=\"\" data-start=\"1922\" data-end=\"1976\">Acceder, rectificar o eliminar sus datos personales.<\/p><\/li><li class=\"\" data-start=\"1977\" data-end=\"2050\"><p class=\"\" data-start=\"1979\" data-end=\"2050\">Solicitar la limitaci\u00f3n u oposici\u00f3n al tratamiento de su informaci\u00f3n.<\/p><\/li><li class=\"\" data-start=\"2051\" data-end=\"2102\"><p class=\"\" data-start=\"2053\" data-end=\"2102\">Retirar su consentimiento en cualquier momento.<\/p><\/li><\/ul><p class=\"\" data-start=\"2104\" data-end=\"2256\">Para ejercer estos derechos, pueden contactarnos a trav\u00e9s de:<br data-start=\"2165\" data-end=\"2168\" \/>\ud83d\udce7 <strong data-start=\"2171\" data-end=\"2194\">Correo electr\u00f3nico:<\/strong> <a class=\"cursor-pointer\" rel=\"noopener\" data-start=\"2195\" data-end=\"2218\">info@uniksoluciones.com<\/a><br data-start=\"2218\" data-end=\"2221\" \/>\ud83d\udcde <strong data-start=\"2224\" data-end=\"2237\">Tel\u00e9fono:<\/strong> +57 315 382 2679<\/p><p data-start=\"2104\" data-end=\"2256\">\u00a0<\/p><h3 class=\"\" data-start=\"2258\" data-end=\"2299\"><strong data-start=\"2262\" data-end=\"2297\">6. Modificaciones a la Pol\u00edtica<\/strong><\/h3><p class=\"\" data-start=\"2300\" data-end=\"2440\">UNIK se reserva el derecho de modificar esta pol\u00edtica en cualquier momento. Cualquier cambio ser\u00e1 publicado en nuestros canales oficiales.<\/p><p class=\"\" data-start=\"2442\" data-end=\"2582\">Al completar un formulario o comunicarse con nosotros por medios digitales, el usuario acepta los t\u00e9rminos de esta pol\u00edtica de privacidad.<\/p>\t\t\t\t\t\t\t\t<\/div>\n\t\t\t\t<\/div>\n\t\t\t\t\t<\/div>\n\t\t<\/div>\n\t\t\t\t\t<\/div>\n\t\t<\/section>\n\t\t\t\t<\/div>\n\t\t","protected":false},"excerpt":{"rendered":"<p>Unik Soluciones Corporativas Pol\u00edtica de Privacidad de Datos \u00daltima actualizaci\u00f3n: [03-04-2025] En UNIK, estamos comprometidos con la protecci\u00f3n de los datos personales de nuestros usuarios. Esta pol\u00edtica de privacidad describe c\u00f3mo recopilamos, usamos y protegemos la informaci\u00f3n proporcionada a trav\u00e9s de nuestros formularios o medios de contacto en redes sociales y nuestro sitio web. \u00a0 [&hellip;]<\/p>\n","protected":false},"author":1,"featured_media":0,"parent":0,"menu_order":0,"comment_status":"closed","ping_status":"closed","template":"elementor_header_footer","meta":{"nf_dc_page":"","om_disable_all_campaigns":false,"_monsterinsights_skip_tracking":false,"_monsterinsights_sitenote_active":false,"_monsterinsights_sitenote_note":"","_monsterinsights_sitenote_category":0,"footnotes":""},"class_list":["post-4589","page","type-page","status-publish","hentry"],"aioseo_notices":[],"jetpack_sharing_enabled":true,"_links":{"self":[{"href":"https:\/\/uniksoluciones.com\/tecnologia\/en\/wp-json\/wp\/v2\/pages\/4589","targetHints":{"allow":["GET"]}}],"collection":[{"href":"https:\/\/uniksoluciones.com\/tecnologia\/en\/wp-json\/wp\/v2\/pages"}],"about":[{"href":"https:\/\/uniksoluciones.com\/tecnologia\/en\/wp-json\/wp\/v2\/types\/page"}],"author":[{"embeddable":true,"href":"https:\/\/uniksoluciones.com\/tecnologia\/en\/wp-json\/wp\/v2\/users\/1"}],"replies":[{"embeddable":true,"href":"https:\/\/uniksoluciones.com\/tecnologia\/en\/wp-json\/wp\/v2\/comments?post=4589"}],"version-history":[{"count":4,"href":"https:\/\/uniksoluciones.com\/tecnologia\/en\/wp-json\/wp\/v2\/pages\/4589\/revisions"}],"predecessor-version":[{"id":4593,"href":"https:\/\/uniksoluciones.com\/tecnologia\/en\/wp-json\/wp\/v2\/pages\/4589\/revisions\/4593"}],"wp:attachment":[{"href":"https:\/\/uniksoluciones.com\/tecnologia\/en\/wp-json\/wp\/v2\/media?parent=4589"}],"curies":[{"name":"wp","href":"https:\/\/api.w.org\/{rel}","templated":true}]}}